{"id":1194,"date":"2023-06-16T06:48:53","date_gmt":"2023-06-16T06:48:53","guid":{"rendered":"https:\/\/www.jacobpianonerd.com\/?page_id=1194"},"modified":"2023-07-05T20:37:01","modified_gmt":"2023-07-05T20:37:01","slug":"om-2","status":"publish","type":"page","link":"https:\/\/www.jacobpianonerd.com\/de\/om-2\/","title":{"rendered":"\u00dcber"},"content":{"rendered":"<div class=\"fusion-fullwidth fullwidth-box fusion-builder-row-1 fusion-flex-container nonhundred-percent-fullwidth non-hundred-percent-height-scrolling\" style=\"--awb-background-blend-mode:hard-light;--awb-border-radius-top-left:0px;--awb-border-radius-top-right:0px;--awb-border-radius-bottom-right:0px;--awb-border-radius-bottom-left:0px;--awb-padding-top:48px;--awb-padding-bottom:69px;--awb-padding-top-medium:39px;--awb-padding-top-small:33px;--awb-flex-wrap:wrap;--awb-filter:saturate(99%);--awb-filter-transition:filter 0.3s ease;--awb-filter-hover:saturate(100%);\" ><div class=\"fusion-builder-row fusion-row fusion-flex-align-items-center fusion-flex-content-wrap\" style=\"max-width:1435.2px;margin-left: calc(-4% \/ 2 );margin-right: calc(-4% \/ 2 );\"><div class=\"fusion-layout-column fusion_builder_column fusion-builder-column-0 fusion_builder_column_1_2 1_2 fusion-flex-column\" style=\"--awb-bg-size:cover;--awb-filter:saturate(100%);--awb-filter-transition:filter 0.3s ease;--awb-filter-hover:saturate(0%);--awb-width-large:50%;--awb-margin-top-large:25px;--awb-spacing-right-large:3.84%;--awb-margin-bottom-large:0px;--awb-spacing-left-large:3.84%;--awb-width-medium:100%;--awb-order-medium:0;--awb-spacing-right-medium:1.92%;--awb-spacing-left-medium:1.92%;--awb-width-small:100%;--awb-order-small:0;--awb-spacing-right-small:1.92%;--awb-spacing-left-small:1.92%;\"><div class=\"fusion-column-wrapper fusion-column-has-shadow fusion-flex-justify-content-flex-start fusion-content-layout-column\"><div class=\"fusion-image-element \" style=\"--awb-caption-title-font-family:var(--h2_typography-font-family);--awb-caption-title-font-weight:var(--h2_typography-font-weight);--awb-caption-title-font-style:var(--h2_typography-font-style);--awb-caption-title-size:var(--h2_typography-font-size);--awb-caption-title-transform:var(--h2_typography-text-transform);--awb-caption-title-line-height:var(--h2_typography-line-height);--awb-caption-title-letter-spacing:var(--h2_typography-letter-spacing);--awb-filter:saturate(0%);--awb-filter-transition:filter 0.3s ease;--awb-filter-hover:saturate(0%);\"><span class=\" fusion-imageframe imageframe-none imageframe-1 hover-type-none\"><img decoding=\"async\" width=\"2560\" height=\"2162\" title=\"0023-A7_05077\" src=\"https:\/\/www.jacobpianonerd.com\/wp-content\/uploads\/2022\/06\/0023-A7_05077-scaled.jpg\" data-orig-src=\"https:\/\/www.jacobpianonerd.com\/wp-content\/uploads\/2022\/06\/0023-A7_05077-scaled.jpg\" alt class=\"lazyload img-responsive wp-image-939\" srcset=\"data:image\/svg+xml,%3Csvg%20xmlns%3D%27http%3A%2F%2Fwww.w3.org%2F2000%2Fsvg%27%20width%3D%272560%27%20height%3D%272162%27%20viewBox%3D%270%200%202560%202162%27%3E%3Crect%20width%3D%272560%27%20height%3D%272162%27%20fill-opacity%3D%220%22%2F%3E%3C%2Fsvg%3E\" data-srcset=\"https:\/\/www.jacobpianonerd.com\/wp-content\/uploads\/2022\/06\/0023-A7_05077-200x169.jpg 200w, https:\/\/www.jacobpianonerd.com\/wp-content\/uploads\/2022\/06\/0023-A7_05077-400x338.jpg 400w, https:\/\/www.jacobpianonerd.com\/wp-content\/uploads\/2022\/06\/0023-A7_05077-600x507.jpg 600w, https:\/\/www.jacobpianonerd.com\/wp-content\/uploads\/2022\/06\/0023-A7_05077-800x676.jpg 800w, https:\/\/www.jacobpianonerd.com\/wp-content\/uploads\/2022\/06\/0023-A7_05077-1200x1013.jpg 1200w, https:\/\/www.jacobpianonerd.com\/wp-content\/uploads\/2022\/06\/0023-A7_05077-scaled.jpg 2560w\" data-sizes=\"auto\" data-orig-sizes=\"(max-width: 1024px) 100vw, (max-width: 640px) 100vw, 800px\" \/><\/span><\/div><\/div><\/div><div class=\"fusion-layout-column fusion_builder_column fusion-builder-column-1 fusion_builder_column_1_2 1_2 fusion-flex-column fusion-flex-align-self-center\" style=\"--awb-bg-size:cover;--awb-width-large:50%;--awb-margin-top-large:25px;--awb-spacing-right-large:3.84%;--awb-margin-bottom-large:0px;--awb-spacing-left-large:3.84%;--awb-width-medium:100%;--awb-order-medium:0;--awb-spacing-right-medium:1.92%;--awb-spacing-left-medium:1.92%;--awb-width-small:100%;--awb-order-small:0;--awb-spacing-right-small:1.92%;--awb-spacing-left-small:1.92%;\"><div class=\"fusion-column-wrapper fusion-column-has-shadow fusion-flex-justify-content-flex-start fusion-content-layout-column\"><div class=\"fusion-text fusion-text-1\" style=\"--awb-font-size:16px;--awb-text-font-family:&quot;Open Sans&quot;;--awb-text-font-style:normal;--awb-text-font-weight:300;\"><p style=\"font-weight: 400; text-align: left;\">Ich bin als Pianist an dem K\u00f6niglichen D\u00e4nischen Konservatorium in Kopenhagen und an der Hochschule f\u00fcr Musik W\u00fcrzburg ausgebildet und habe meine Ausbildung im Jahre 1985 abgeschlossen.<\/p>\n<p style=\"font-weight: 400; text-align: left;\">Seitdem habe ich an den Musikschulen in Hobro und Randers sowie an der Universit\u00e4t Aalborg und der Kirchenmusikschule Vestervig in Klavier unterrichtet.<\/p>\n<p style=\"font-weight: 400; text-align: left;\">Neben meiner Arbeit als Klavierlehrer habe ich Orgelspielen gelernt und habe eine lange Laufbahn als Organist in der d\u00e4nischen Volkskirche gehabt.<\/p>\n<p style=\"font-weight: 400; text-align: left;\">Seit meiner Jugend habe ich daf\u00fcr Interesse gehabt verschiedene musikalisch-handwerksm\u00e4\u00dfige Probleme zu l\u00f6sen, unter anderer Klaviertechnik und vom-Blatt-spielen.<\/p>\n<p style=\"font-weight: 400; text-align: left;\">Dies hat mich dazu veranlasst ein \u00dcbungssystem \u00fcber Klaviertechnik zu erstellen, das ich \u201cDie Pendelmethode\u201c genannt habe, und ein \u00dcbungssystem \u00fcber Notenlesen, das ich \u201cDie Zickzackmethode\u201c genannt habe.<\/p>\n<\/div><\/div><\/div><\/div><\/div>\n","protected":false},"excerpt":{"rendered":"","protected":false},"author":1,"featured_media":0,"parent":0,"menu_order":0,"comment_status":"closed","ping_status":"closed","template":"100-width.php","meta":{"footnotes":""},"class_list":["post-1194","page","type-page","status-publish","hentry"],"_links":{"self":[{"href":"https:\/\/www.jacobpianonerd.com\/de\/wp-json\/wp\/v2\/pages\/1194","targetHints":{"allow":["GET"]}}],"collection":[{"href":"https:\/\/www.jacobpianonerd.com\/de\/wp-json\/wp\/v2\/pages"}],"about":[{"href":"https:\/\/www.jacobpianonerd.com\/de\/wp-json\/wp\/v2\/types\/page"}],"author":[{"embeddable":true,"href":"https:\/\/www.jacobpianonerd.com\/de\/wp-json\/wp\/v2\/users\/1"}],"replies":[{"embeddable":true,"href":"https:\/\/www.jacobpianonerd.com\/de\/wp-json\/wp\/v2\/comments?post=1194"}],"version-history":[{"count":10,"href":"https:\/\/www.jacobpianonerd.com\/de\/wp-json\/wp\/v2\/pages\/1194\/revisions"}],"predecessor-version":[{"id":1368,"href":"https:\/\/www.jacobpianonerd.com\/de\/wp-json\/wp\/v2\/pages\/1194\/revisions\/1368"}],"wp:attachment":[{"href":"https:\/\/www.jacobpianonerd.com\/de\/wp-json\/wp\/v2\/media?parent=1194"}],"curies":[{"name":"wp","href":"https:\/\/api.w.org\/{rel}","templated":true}]}}