{"id":1031,"date":"2022-06-01T07:36:07","date_gmt":"2022-06-01T07:36:07","guid":{"rendered":"https:\/\/www.jacobpianonerd.com\/zigzagmetoden\/"},"modified":"2023-06-29T20:13:47","modified_gmt":"2023-06-29T20:13:47","slug":"zigzagmetoden","status":"publish","type":"page","link":"https:\/\/www.jacobpianonerd.com\/de\/zigzagmetoden\/","title":{"rendered":"Die Zickzackmethode"},"content":{"rendered":"<div class=\"fusion-fullwidth fullwidth-box fusion-builder-row-1 fusion-flex-container nonhundred-percent-fullwidth non-hundred-percent-height-scrolling\" style=\"--awb-border-radius-top-left:0px;--awb-border-radius-top-right:0px;--awb-border-radius-bottom-right:0px;--awb-border-radius-bottom-left:0px;--awb-padding-bottom:50px;--awb-flex-wrap:wrap;\" ><div class=\"fusion-builder-row fusion-row fusion-flex-align-items-flex-start fusion-flex-content-wrap\" style=\"max-width:1435.2px;margin-left: calc(-4% \/ 2 );margin-right: calc(-4% \/ 2 );\"><div class=\"fusion-layout-column fusion_builder_column fusion-builder-column-0 fusion_builder_column_1_1 1_1 fusion-flex-column\" style=\"--awb-bg-size:cover;--awb-width-large:100%;--awb-margin-top-large:0px;--awb-spacing-right-large:1.92%;--awb-margin-bottom-large:20px;--awb-spacing-left-large:1.92%;--awb-width-medium:100%;--awb-order-medium:0;--awb-spacing-right-medium:1.92%;--awb-spacing-left-medium:1.92%;--awb-width-small:100%;--awb-order-small:0;--awb-spacing-right-small:1.92%;--awb-spacing-left-small:1.92%;\"><div class=\"fusion-column-wrapper fusion-column-has-shadow fusion-flex-justify-content-flex-start fusion-content-layout-column\"><div class=\"fusion-title title fusion-title-1 fusion-title-center fusion-title-text fusion-title-size-one\" style=\"--awb-margin-bottom:1px;--awb-margin-top-small:0px;--awb-margin-right-small:0px;--awb-margin-bottom-small:20px;--awb-margin-left-small:0px;--awb-font-size:40px;\"><div class=\"title-sep-container title-sep-container-left\"><div class=\"title-sep sep- sep-solid\" style=\"border-color:#e0dede;\"><\/div><\/div><span class=\"awb-title-spacer\"><\/span><h1 class=\"fusion-title-heading title-heading-center fusion-responsive-typography-calculated\" style=\"margin:0;font-size:1em;--fontSize:40;line-height:1.25;\">Die Zickzackmethode<\/h1><span class=\"awb-title-spacer\"><\/span><div class=\"title-sep-container title-sep-container-right\"><div class=\"title-sep sep- sep-solid\" style=\"border-color:#e0dede;\"><\/div><\/div><\/div><div class=\"fusion-text fusion-text-1\" style=\"--awb-content-alignment:center;--awb-font-size:16px;\"><p>Ein Vom-Blatt-Spiel-Kurs<\/p>\n<\/div><div style=\"text-align:center;\"><a class=\"fusion-button button-flat fusion-button-default-size button-custom fusion-button-default button-1 fusion-button-default-span fusion-button-default-type\" style=\"--button_accent_color:#000000;--button_accent_hover_color:#000000;--button_border_hover_color:#000000;--button_border_width-top:1px;--button_border_width-right:1px;--button_border_width-bottom:1px;--button_border_width-left:1px;--button_gradient_top_color:rgba(255,255,255,0);--button_gradient_bottom_color:rgba(255,255,255,0);--button_gradient_top_color_hover:rgba(255,255,255,0);--button_gradient_bottom_color_hover:rgba(255,255,255,0);\" target=\"_blank\" rel=\"noopener noreferrer\" href=\"https:\/\/www.jacobpianonerd.com\/wp-content\/uploads\/2023\/06\/Die-Zickzackmethode-29.06.2023.pdf\"><span class=\"fusion-button-text awb-button__text awb-button__text--default\">Hier herunterladen <\/span><\/a><\/div><div class=\"fusion-separator fusion-full-width-sep\" style=\"align-self: flex-end;margin-left:auto;margin-top:40px;margin-bottom:20px;width:100%;\"><div class=\"fusion-separator-border sep-single sep-solid\" style=\"--awb-height:20px;--awb-amount:20px;--awb-sep-color:rgba(51,51,51,0.25);border-color:rgba(51,51,51,0.25);border-top-width:1px;\"><\/div><\/div><\/div><\/div><div class=\"fusion-layout-column fusion_builder_column fusion-builder-column-1 fusion_builder_column_1_2 1_2 fusion-flex-column\" style=\"--awb-bg-size:cover;--awb-width-large:50%;--awb-margin-top-large:0px;--awb-spacing-right-large:3.84%;--awb-margin-bottom-large:20px;--awb-spacing-left-large:3.84%;--awb-width-medium:100%;--awb-order-medium:0;--awb-spacing-right-medium:1.92%;--awb-spacing-left-medium:1.92%;--awb-width-small:100%;--awb-order-small:0;--awb-spacing-right-small:1.92%;--awb-spacing-left-small:1.92%;\"><div class=\"fusion-column-wrapper fusion-column-has-shadow fusion-flex-justify-content-flex-start fusion-content-layout-column\"><div class=\"fusion-title title fusion-title-2 fusion-title-text fusion-title-size-one\" style=\"--awb-margin-bottom:1px;--awb-margin-top-small:0px;--awb-margin-right-small:0px;--awb-margin-bottom-small:20px;--awb-margin-left-small:0px;--awb-font-size:25px;\"><div class=\"title-sep-container title-sep-container-left fusion-no-large-visibility fusion-no-medium-visibility fusion-no-small-visibility\"><div class=\"title-sep sep- sep-solid\" style=\"border-color:#e0dede;\"><\/div><\/div><span class=\"awb-title-spacer fusion-no-large-visibility fusion-no-medium-visibility fusion-no-small-visibility\"><\/span><h1 class=\"fusion-title-heading title-heading-left fusion-responsive-typography-calculated\" style=\"margin:0;font-size:1em;--fontSize:25;line-height:2;\">Was ist Die Zickzackmethode<\/h1><span class=\"awb-title-spacer\"><\/span><div class=\"title-sep-container title-sep-container-right\"><div class=\"title-sep sep- sep-solid\" style=\"border-color:#e0dede;\"><\/div><\/div><\/div><div class=\"fusion-text fusion-text-2\"><p><em>Die Zickzackmethode<\/em> ist eine Methode f\u00fcr allerlei Tastenspieler zu einer Ein\u00fcbung von einem sicheren vom-Blatt-Spiel und einer gr\u00fcndlichen Aneignung des Notensystems. Die Pointe der Methode ist, dass man den Namen der Note ausspricht, gleichzeitig damit dass man den Ton anschl\u00e4gt, auf den sich die Note bezieht. \u00c4hnliche Methoden sind von anderen theoretischen Musikbildungssystemen bekannt, aber was <em>Die Zickzackmethode<\/em> besonders macht, ist die konzentrierte Ausformung der Lese\u00fcbungen, die gr\u00fcndlich und systematisch alle relevante Dur-\/Moll-Tonarten durchgehen (ab null bis sieben Vorzeichen) und alle relevante Chromatik. Man bewegt sich in einem st\u00e4ndigen Zickzackmuster von Note zu Note: eine im G-Schl\u00fcssel \u2013 zwei im F-Schl\u00fcssel \u2013 zwei im G-Schl\u00fcssel \u2013 zwei im F-Schl\u00fcssel usw., oder eine im F-Schl\u00fcssel \u2013 zwei im G-Schl\u00fcssel \u2013 zwei im F-Schl\u00fcssel usw. Diese Konzentration des Lesens und des Anschlags jeder Note\/jedes Tons f\u00fchrt paradoxerweise allm\u00e4hlich den Benutzer in die Lage sich auf gr\u00f6\u00dferen Zusammenh\u00e4ngen zu konzentrieren und mit Tonarten und Chromatik im G- und F-Schl\u00fcssel vertraut zu werden.<\/p>\n<\/div><\/div><\/div><div class=\"fusion-layout-column fusion_builder_column fusion-builder-column-2 fusion_builder_column_1_2 1_2 fusion-flex-column\" style=\"--awb-bg-size:cover;--awb-width-large:50%;--awb-margin-top-large:0px;--awb-spacing-right-large:3.84%;--awb-margin-bottom-large:20px;--awb-spacing-left-large:3.84%;--awb-width-medium:100%;--awb-order-medium:0;--awb-spacing-right-medium:1.92%;--awb-spacing-left-medium:1.92%;--awb-width-small:100%;--awb-order-small:0;--awb-spacing-right-small:1.92%;--awb-spacing-left-small:1.92%;\"><div class=\"fusion-column-wrapper fusion-column-has-shadow fusion-flex-justify-content-flex-start fusion-content-layout-column\"><div class=\"fusion-title title fusion-title-3 fusion-title-text fusion-title-size-one\" style=\"--awb-margin-bottom:1px;--awb-margin-top-small:0px;--awb-margin-right-small:0px;--awb-margin-bottom-small:20px;--awb-margin-left-small:0px;--awb-font-size:25px;\"><div class=\"title-sep-container title-sep-container-left fusion-no-large-visibility fusion-no-medium-visibility fusion-no-small-visibility\"><div class=\"title-sep sep- sep-solid\" style=\"border-color:#e0dede;\"><\/div><\/div><span class=\"awb-title-spacer fusion-no-large-visibility fusion-no-medium-visibility fusion-no-small-visibility\"><\/span><h1 class=\"fusion-title-heading title-heading-left fusion-responsive-typography-calculated\" style=\"margin:0;font-size:1em;--fontSize:25;line-height:2;\">\u00dcber die Entstehung Der Zickzackmethode<\/h1><span class=\"awb-title-spacer\"><\/span><div class=\"title-sep-container title-sep-container-right\"><div class=\"title-sep sep- sep-solid\" style=\"border-color:#e0dede;\"><\/div><\/div><\/div><div class=\"fusion-text fusion-text-3\"><p>Als ich meine musikalische Ausbildung abgeschlossen habe, habe ich in ehrlichen Augenblicken zugeben m\u00fcssen, dass meine F\u00e4higkeit vom Blatt zu spielen mangelhaft war. W\u00e4hrend meiner Ausbildung als Pianist hatte ich schrecklich darunter gelitten ein schlechter Notenleser zu sein, und ich war daf\u00fcr nicht imstande gewesen dieses Handicap auszubessern, weil ich damals nicht verstanden habe, wie ich die Schulung meines Notenlesens in einer vern\u00fcnftigeren Weise angreifen k\u00f6nnen h\u00e4tte. Als ich wie Erwachsener Pianist keine Entschuldigung daf\u00fcr finden konnte ein schlechter Notenleser zu sein, habe ich dann einen Kurs f\u00fcr mich selbst um mein Notenlesen auf ein besseres Niveau hochzuheben entwickelt. Ich habe es erarbeitet wie eine Durcharbeitung des Notensystems in allen relevanten Dur\/Moll-Tonarten (von null zu sieben Versetzungszeichen) in aller relevanten Chromatik.<\/p>\n<\/div><\/div><\/div><div class=\"fusion-layout-column fusion_builder_column fusion-builder-column-3 fusion_builder_column_1_1 1_1 fusion-flex-column\" style=\"--awb-padding-top:34px;--awb-bg-size:cover;--awb-width-large:100%;--awb-margin-top-large:0px;--awb-spacing-right-large:1.92%;--awb-margin-bottom-large:20px;--awb-spacing-left-large:1.92%;--awb-width-medium:100%;--awb-order-medium:0;--awb-spacing-right-medium:1.92%;--awb-spacing-left-medium:1.92%;--awb-width-small:100%;--awb-order-small:0;--awb-spacing-right-small:1.92%;--awb-spacing-left-small:1.92%;\"><div class=\"fusion-column-wrapper lazyload fusion-column-has-shadow fusion-flex-justify-content-flex-start fusion-content-layout-column fusion-column-has-bg-image\" data-bg-url=\"https:\/\/www.jacobpianonerd.com\/wp-content\/uploads\/2022\/06\/Skaermbillede-2022-06-01-kl.-09.45.18.png\" data-bg=\"https:\/\/www.jacobpianonerd.com\/wp-content\/uploads\/2022\/06\/Skaermbillede-2022-06-01-kl.-09.45.18.png\"><div class=\"fusion-separator fusion-full-width-sep\" style=\"align-self: center;margin-left: auto;margin-right: auto;margin-top:50px;margin-bottom:50px;width:100%;\"><\/div><\/div><\/div><\/div><\/div>\n","protected":false},"excerpt":{"rendered":"","protected":false},"author":1,"featured_media":0,"parent":0,"menu_order":0,"comment_status":"closed","ping_status":"closed","template":"100-width.php","meta":{"footnotes":""},"class_list":["post-1031","page","type-page","status-publish","hentry"],"_links":{"self":[{"href":"https:\/\/www.jacobpianonerd.com\/de\/wp-json\/wp\/v2\/pages\/1031","targetHints":{"allow":["GET"]}}],"collection":[{"href":"https:\/\/www.jacobpianonerd.com\/de\/wp-json\/wp\/v2\/pages"}],"about":[{"href":"https:\/\/www.jacobpianonerd.com\/de\/wp-json\/wp\/v2\/types\/page"}],"author":[{"embeddable":true,"href":"https:\/\/www.jacobpianonerd.com\/de\/wp-json\/wp\/v2\/users\/1"}],"replies":[{"embeddable":true,"href":"https:\/\/www.jacobpianonerd.com\/de\/wp-json\/wp\/v2\/comments?post=1031"}],"version-history":[{"count":9,"href":"https:\/\/www.jacobpianonerd.com\/de\/wp-json\/wp\/v2\/pages\/1031\/revisions"}],"predecessor-version":[{"id":1355,"href":"https:\/\/www.jacobpianonerd.com\/de\/wp-json\/wp\/v2\/pages\/1031\/revisions\/1355"}],"wp:attachment":[{"href":"https:\/\/www.jacobpianonerd.com\/de\/wp-json\/wp\/v2\/media?parent=1031"}],"curies":[{"name":"wp","href":"https:\/\/api.w.org\/{rel}","templated":true}]}}