{"id":1018,"date":"2022-06-01T07:17:49","date_gmt":"2022-06-01T07:17:49","guid":{"rendered":"https:\/\/www.jacobpianonerd.com\/pendulmetoden\/"},"modified":"2023-06-29T18:22:39","modified_gmt":"2023-06-29T18:22:39","slug":"pendulmetoden","status":"publish","type":"page","link":"https:\/\/www.jacobpianonerd.com\/de\/pendulmetoden\/","title":{"rendered":"Die pendelmethode"},"content":{"rendered":"<div class=\"fusion-fullwidth fullwidth-box fusion-builder-row-1 fusion-flex-container nonhundred-percent-fullwidth non-hundred-percent-height-scrolling\" style=\"--awb-border-radius-top-left:0px;--awb-border-radius-top-right:0px;--awb-border-radius-bottom-right:0px;--awb-border-radius-bottom-left:0px;--awb-padding-bottom:50px;--awb-flex-wrap:wrap;\" ><div class=\"fusion-builder-row fusion-row fusion-flex-align-items-flex-start fusion-flex-content-wrap\" style=\"max-width:1435.2px;margin-left: calc(-4% \/ 2 );margin-right: calc(-4% \/ 2 );\"><div class=\"fusion-layout-column fusion_builder_column fusion-builder-column-0 fusion_builder_column_1_1 1_1 fusion-flex-column\" style=\"--awb-bg-size:cover;--awb-width-large:100%;--awb-margin-top-large:0px;--awb-spacing-right-large:1.92%;--awb-margin-bottom-large:20px;--awb-spacing-left-large:1.92%;--awb-width-medium:100%;--awb-order-medium:0;--awb-spacing-right-medium:1.92%;--awb-spacing-left-medium:1.92%;--awb-width-small:100%;--awb-order-small:0;--awb-spacing-right-small:1.92%;--awb-spacing-left-small:1.92%;\"><div class=\"fusion-column-wrapper fusion-column-has-shadow fusion-flex-justify-content-flex-start fusion-content-layout-column\"><div class=\"fusion-title title fusion-title-1 fusion-title-center fusion-title-text fusion-title-size-one\" style=\"--awb-margin-bottom:1px;--awb-margin-top-small:0px;--awb-margin-right-small:0px;--awb-margin-bottom-small:20px;--awb-margin-left-small:0px;--awb-font-size:40px;\"><div class=\"title-sep-container title-sep-container-left\"><div class=\"title-sep sep- sep-solid\" style=\"border-color:#e0dede;\"><\/div><\/div><span class=\"awb-title-spacer\"><\/span><h1 class=\"fusion-title-heading title-heading-center fusion-responsive-typography-calculated\" style=\"margin:0;font-size:1em;--fontSize:40;line-height:1.25;\">Die Pendelmethode in Farben \/ schwarzwei\u00df<\/h1><span class=\"awb-title-spacer\"><\/span><div class=\"title-sep-container title-sep-container-right\"><div class=\"title-sep sep- sep-solid\" style=\"border-color:#e0dede;\"><\/div><\/div><\/div><div class=\"fusion-text fusion-text-1\" style=\"--awb-font-size:16px;\"><p style=\"text-align: center;\">F\u00fcr Euch alle, die Ihr gerne wissen wollt, wie man sich<br \/>\neine geschmeidige und starke Klaviertechnik aneignet<\/p>\n<\/div><div class=\"fusion-title title fusion-title-2 fusion-title-center fusion-title-text fusion-title-size-one\" style=\"--awb-margin-bottom:1px;--awb-margin-top-small:0px;--awb-margin-right-small:0px;--awb-margin-bottom-small:20px;--awb-margin-left-small:0px;--awb-font-size:25px;\"><div class=\"title-sep-container title-sep-container-left\"><div class=\"title-sep sep- sep-solid\" style=\"border-color:#e0dede;\"><\/div><\/div><span class=\"awb-title-spacer\"><\/span><h1 class=\"fusion-title-heading title-heading-center fusion-responsive-typography-calculated\" style=\"margin:0;font-size:1em;--fontSize:25;line-height:2;\">Zwei Ausgaben<\/h1><span class=\"awb-title-spacer\"><\/span><div class=\"title-sep-container title-sep-container-right\"><div class=\"title-sep sep- sep-solid\" style=\"border-color:#e0dede;\"><\/div><\/div><\/div><div class=\"fusion-text fusion-text-2 fusion-text-no-margin\" style=\"--awb-margin-bottom:1px;\"><p style=\"text-align: center;\">Die \u00dcbungen sind in zwei Ausgaben erh\u00e4ltlich: eine in Farben und eine in Schwarz. Wenn Sie nicht farbenblind sind, empfehle ich die Version in Farben aus zwei einfachen Gr\u00fcnden. Teils, weil sie dekorativ und lusterweckend ist, teils, weil die Farben die verschiedenen Elemente der \u00dcbungen klar machen.<\/p>\n<\/div><div class=\"fusion-separator fusion-full-width-sep\" style=\"align-self: flex-end;margin-left:auto;margin-bottom:20px;width:100%;\"><\/div><div style=\"text-align:center;\"><a class=\"fusion-button button-flat fusion-button-default-size button-custom fusion-button-default button-1 fusion-button-default-span fusion-button-default-type\" style=\"--button_accent_color:#000000;--button_accent_hover_color:#000000;--button_border_hover_color:#000000;--button_border_width-top:1px;--button_border_width-right:1px;--button_border_width-bottom:1px;--button_border_width-left:1px;--button_gradient_top_color:rgba(255,255,255,0);--button_gradient_bottom_color:rgba(255,255,255,0);--button_gradient_top_color_hover:rgba(255,255,255,0);--button_gradient_bottom_color_hover:rgba(255,255,255,0);\" target=\"_self\" href=\"https:\/\/www.jacobpianonerd.com\/de\/pendulmetoden-oversigt-2-varer\/\"><span class=\"fusion-button-text awb-button__text awb-button__text--default\">Hier herunterladen<\/span><\/a><\/div><div class=\"fusion-separator fusion-full-width-sep\" style=\"align-self: flex-end;margin-left:auto;margin-bottom:20px;width:100%;\"><\/div><\/div><\/div><div class=\"fusion-layout-column fusion_builder_column fusion-builder-column-1 fusion_builder_column_1_2 1_2 fusion-flex-column\" style=\"--awb-bg-size:cover;--awb-width-large:50%;--awb-margin-top-large:0px;--awb-spacing-right-large:3.84%;--awb-margin-bottom-large:20px;--awb-spacing-left-large:3.84%;--awb-width-medium:100%;--awb-order-medium:0;--awb-spacing-right-medium:1.92%;--awb-spacing-left-medium:1.92%;--awb-width-small:100%;--awb-order-small:0;--awb-spacing-right-small:1.92%;--awb-spacing-left-small:1.92%;\"><div class=\"fusion-column-wrapper fusion-column-has-shadow fusion-flex-justify-content-flex-start fusion-content-layout-column\"><div class=\"fusion-title title fusion-title-3 fusion-title-text fusion-title-size-one\" style=\"--awb-margin-bottom:1px;--awb-margin-top-small:0px;--awb-margin-right-small:0px;--awb-margin-bottom-small:20px;--awb-margin-left-small:0px;--awb-font-size:25px;\"><div class=\"title-sep-container title-sep-container-left fusion-no-large-visibility fusion-no-medium-visibility fusion-no-small-visibility\"><div class=\"title-sep sep- sep-solid\" style=\"border-color:#e0dede;\"><\/div><\/div><span class=\"awb-title-spacer fusion-no-large-visibility fusion-no-medium-visibility fusion-no-small-visibility\"><\/span><h1 class=\"fusion-title-heading title-heading-left fusion-responsive-typography-calculated\" style=\"margin:0;font-size:1em;--fontSize:25;line-height:2;\">Was ist die Pendelmethode?<\/h1><span class=\"awb-title-spacer\"><\/span><div class=\"title-sep-container title-sep-container-right\"><div class=\"title-sep sep- sep-solid\" style=\"border-color:#e0dede;\"><\/div><\/div><\/div><div class=\"fusion-text fusion-text-3\"><p><em>Die Pendelmethode<\/em> ist ein \u00dcbungssystem, das ich erstellt habe, zum Teil durch Anpassung von bekannten \u00dcbungsvorbildern, zum Teil durch \u00dcbungen, die ich mir selbst ausgedacht habe. Ich habe das System nach der durchgehenden Idee benannt, dass alle \u00dcbungen ohne Ausnahme in einem st\u00e4ndigen Wechsel zwischen einem Ausstrecken und einer Beugung von Seite zu Seite wie ein Pendel ausgef\u00fchrt werden, weil diese st\u00e4ndige Bewegung Verspannungen verhindert. Einige m\u00f6gen vielleicht f\u00fcrchten, dass diese Praxis eine unruhige und schunkelnde Technik zur Folge hat, \u2014 sie f\u00fchrt ganz im Gegenteil zu einer ruhigen, starken und geschmeidigen Technik, sie entfernt \u00fcberfl\u00fcssige Bewegungen und wirkt der S\u00e4urebildung in der Muskulatur entgegen.<\/p>\n<p><em>Die Pendelmethode<\/em> enth\u00e4lt au\u00dferdem einige vorbereitende \u00dcbungen, <em>\u00dcbungen der aktiven Streckung und der aktiven Beugung,<\/em> die die Voraussetzungen f\u00fcr eine intensive Ausnutzung der M\u00f6glichkeiten der \u00dcbungen f\u00fcr Klavier sch\u00e4rfen durch Training der kr\u00e4ftigsten Streckung und der kr\u00e4ftigsten Beugung, die die Hand- und Fingermuskulatur leisten kann.<\/p>\n<p>Eignet man sich <em>die Pendelmethode<\/em> an, dann eignet man sich auch eine Art Klavier zu spielen an, die nie lasch oder steif ist, sondern immer stark und geschmeidig. In diesem Wechsel zwischen dem Strecken und dem Beugen und auf dem Weg von einer Bewegung zur anderen wird sich ein bedingter Reflex zwischen Spannung und Entspannung entwickeln, und hier, zwischen dem Strecken und dem Beugen und zwischen der Spannung und der Entspannung, befindet sich die Klaviertechnik.<\/p>\n<\/div><div class=\"fusion-image-element \" style=\"--awb-caption-title-font-family:var(--h2_typography-font-family);--awb-caption-title-font-weight:var(--h2_typography-font-weight);--awb-caption-title-font-style:var(--h2_typography-font-style);--awb-caption-title-size:var(--h2_typography-font-size);--awb-caption-title-transform:var(--h2_typography-text-transform);--awb-caption-title-line-height:var(--h2_typography-line-height);--awb-caption-title-letter-spacing:var(--h2_typography-letter-spacing);--awb-filter:saturate(0%);--awb-filter-transition:filter 0.3s ease;--awb-filter-hover:saturate(0%);\"><span class=\" fusion-imageframe imageframe-none imageframe-1 hover-type-none\"><img decoding=\"async\" width=\"1707\" height=\"2560\" title=\"5\" src=\"https:\/\/www.jacobpianonerd.com\/wp-content\/uploads\/2022\/06\/5-scaled.jpg\" data-orig-src=\"https:\/\/www.jacobpianonerd.com\/wp-content\/uploads\/2022\/06\/5-scaled.jpg\" alt class=\"lazyload img-responsive wp-image-941\" srcset=\"data:image\/svg+xml,%3Csvg%20xmlns%3D%27http%3A%2F%2Fwww.w3.org%2F2000%2Fsvg%27%20width%3D%271707%27%20height%3D%272560%27%20viewBox%3D%270%200%201707%202560%27%3E%3Crect%20width%3D%271707%27%20height%3D%272560%27%20fill-opacity%3D%220%22%2F%3E%3C%2Fsvg%3E\" data-srcset=\"https:\/\/www.jacobpianonerd.com\/wp-content\/uploads\/2022\/06\/5-200x300.jpg 200w, https:\/\/www.jacobpianonerd.com\/wp-content\/uploads\/2022\/06\/5-400x600.jpg 400w, https:\/\/www.jacobpianonerd.com\/wp-content\/uploads\/2022\/06\/5-600x900.jpg 600w, https:\/\/www.jacobpianonerd.com\/wp-content\/uploads\/2022\/06\/5-800x1200.jpg 800w, https:\/\/www.jacobpianonerd.com\/wp-content\/uploads\/2022\/06\/5-1200x1800.jpg 1200w, https:\/\/www.jacobpianonerd.com\/wp-content\/uploads\/2022\/06\/5-scaled.jpg 1707w\" data-sizes=\"auto\" data-orig-sizes=\"(max-width: 1024px) 100vw, (max-width: 640px) 100vw, 800px\" \/><\/span><\/div><\/div><\/div><div class=\"fusion-layout-column fusion_builder_column fusion-builder-column-2 fusion_builder_column_1_2 1_2 fusion-flex-column\" style=\"--awb-bg-size:cover;--awb-width-large:50%;--awb-margin-top-large:0px;--awb-spacing-right-large:3.84%;--awb-margin-bottom-large:20px;--awb-spacing-left-large:3.84%;--awb-width-medium:100%;--awb-order-medium:0;--awb-spacing-right-medium:1.92%;--awb-spacing-left-medium:1.92%;--awb-width-small:100%;--awb-order-small:0;--awb-spacing-right-small:1.92%;--awb-spacing-left-small:1.92%;\"><div class=\"fusion-column-wrapper fusion-column-has-shadow fusion-flex-justify-content-flex-start fusion-content-layout-column\"><div class=\"fusion-title title fusion-title-4 fusion-title-text fusion-title-size-one\" style=\"--awb-margin-bottom:1px;--awb-margin-top-small:0px;--awb-margin-right-small:0px;--awb-margin-bottom-small:20px;--awb-margin-left-small:0px;--awb-font-size:25px;\"><div class=\"title-sep-container title-sep-container-left fusion-no-large-visibility fusion-no-medium-visibility fusion-no-small-visibility\"><div class=\"title-sep sep- sep-solid\" style=\"border-color:#e0dede;\"><\/div><\/div><span class=\"awb-title-spacer fusion-no-large-visibility fusion-no-medium-visibility fusion-no-small-visibility\"><\/span><h1 class=\"fusion-title-heading title-heading-left fusion-responsive-typography-calculated\" style=\"margin:0;font-size:1em;--fontSize:25;line-height:2;\">\u00dcber die Entstehung der Pendelmethode<\/h1><span class=\"awb-title-spacer\"><\/span><div class=\"title-sep-container title-sep-container-right\"><div class=\"title-sep sep- sep-solid\" style=\"border-color:#e0dede;\"><\/div><\/div><\/div><div class=\"fusion-text fusion-text-4\"><p>Einige Musiker haben die Gabe, mit selbstverst\u00e4ndlichem Wohlklang, Autorit\u00e4t und Energie spielen zu k\u00f6nnen, worauf wir als Zuh\u00f6her mit einem zufriedenen \u201eJa, so muss es sein\u201c reagieren. Und einige Musiker spielen mit einem Kontakt zu ihren Instrumenten, wo man denkt: \u201eWie l\u00e4sst sich so etwas tun, wie k\u00f6nnen sie mit einer solchen Beh\u00e4ndigkeit, Schnelligkeit und Kraft spielen, ohne steif zu werden?\u201c Wie konnte Vladimir Horowitz mit derartig enormer technischer \u00dcberlegenheit und derartig radikalen Bewegungen spielen? Wie spielt man Klavier, das hei\u00dft benutzt Finger, H\u00e4nde und K\u00f6rper, sodass das Klavierspiel sch\u00f6n, kraftvoll und nuanciert wird zwischen legato, staccato, non legato, mit Passagenspiel, Doppelgriffen, Oktaven und so weiter?<\/p>\n<p>Wenn ich Klavierlehrer, Pianisten oder Studienkollegen gefragt habe, was Klaviertechnik ist, haben einige mir den Rat gegeben, Tonleitern, Drei- und Vierkl\u00e4nge, Oktaven und Terzen aus verschiedene Sammlungen, insbesondere von Brahms, Cortot oder Hanon zu \u00fcben, oder nur frei von der Leber weg zu spielen und gleichzeitig so wenig wie m\u00f6glich \u00fcber Technik nachzudenken. Andere (die Meisten) haben es nicht gemocht, \u00fcber Klaviertechnik zu reden, \u2014 m\u00f6glicherweise weil es Unsicherheit aufdecken k\u00f6nnte, die man lieber nicht offenlegen m\u00f6chte, und vielleicht, weil Fertigkeiten, die sie unbewusst verwenden, unsicher werden k\u00f6nnten, wenn man sie anzweifeln w\u00fcrde.<\/p>\n<p>Das hat mich oft verwirrt und so wurde ich ohne brauchbare Antworten auf meine Fragen zur\u00fcckgelassen um dann allein weiterzugr\u00fcbeln. Letzten Endes bin ich aber so selbst auf L\u00f6sungen f\u00fcr technische Probleme meines Klavierspiels gekommen.<\/p>\n<p>Die Begegnung mit dem Organisten (und Pianisten) Flemming Dreisig hat mich seit meiner Jugend besonders inspiriert. Er ist ein virtuoser und wohlrenommierter Organist, und war unter anderem Domorganist in Kopenhagen und Orgelprofessor bei Dem K\u00f6niglichen D\u00e4nischen Musikkonservatorium. Er hatte als Kind in einer entscheidenden Periode den ber\u00fchmten Pianisten, Professor und Arzt Victor Schi\u00f8ler als Klavierlehrer. Victor Schi\u00f8ler war es, der Flemming Dreisig den Tonleiterkurs lehrte, welcher f\u00fcr Dreisig das Fundament f\u00fcr seine gro\u00dfe pianistische wie organistische Technik bilden sollte. Die Begegnung mit Flemming Dreisig hat mich \u00fcberzeugt, dass es m\u00f6glich ist Klaviertechnik durch Einsicht und \u00dcbungen zu entwickeln.<\/p>\n<p>Mit dieser Sammlung von \u00dcbungen ist es meine Absicht die L\u00f6sungen, die ich f\u00fcr technische Schwierigkeiten in meinem Klavierspiel gefunden habe, all denjenigen zug\u00e4nglich zu machen, die dabei Hilfe ben\u00f6tigen, ein zufriedener Pianist (Organist oder Cembalist?) zu werden, mit gen\u00fcgender Grundlage technische Herausforderungen zu l\u00f6sen, die jedem Pianisten in seiner Entwicklung begegnen.<\/p>\n<\/div><\/div><\/div><\/div><\/div>\n","protected":false},"excerpt":{"rendered":"","protected":false},"author":1,"featured_media":0,"parent":0,"menu_order":0,"comment_status":"closed","ping_status":"closed","template":"100-width.php","meta":{"footnotes":""},"class_list":["post-1018","page","type-page","status-publish","hentry"],"_links":{"self":[{"href":"https:\/\/www.jacobpianonerd.com\/de\/wp-json\/wp\/v2\/pages\/1018","targetHints":{"allow":["GET"]}}],"collection":[{"href":"https:\/\/www.jacobpianonerd.com\/de\/wp-json\/wp\/v2\/pages"}],"about":[{"href":"https:\/\/www.jacobpianonerd.com\/de\/wp-json\/wp\/v2\/types\/page"}],"author":[{"embeddable":true,"href":"https:\/\/www.jacobpianonerd.com\/de\/wp-json\/wp\/v2\/users\/1"}],"replies":[{"embeddable":true,"href":"https:\/\/www.jacobpianonerd.com\/de\/wp-json\/wp\/v2\/comments?post=1018"}],"version-history":[{"count":12,"href":"https:\/\/www.jacobpianonerd.com\/de\/wp-json\/wp\/v2\/pages\/1018\/revisions"}],"predecessor-version":[{"id":1319,"href":"https:\/\/www.jacobpianonerd.com\/de\/wp-json\/wp\/v2\/pages\/1018\/revisions\/1319"}],"wp:attachment":[{"href":"https:\/\/www.jacobpianonerd.com\/de\/wp-json\/wp\/v2\/media?parent=1018"}],"curies":[{"name":"wp","href":"https:\/\/api.w.org\/{rel}","templated":true}]}}