{"id":1014,"date":"2021-05-20T13:19:59","date_gmt":"2021-05-20T13:19:59","guid":{"rendered":"https:\/\/www.jacobpianonerd.com\/resume-home\/"},"modified":"2023-06-29T14:43:16","modified_gmt":"2023-06-29T14:43:16","slug":"resume-home","status":"publish","type":"page","link":"https:\/\/www.jacobpianonerd.com\/de\/","title":{"rendered":"Heim"},"content":{"rendered":"<div class=\"fusion-fullwidth fullwidth-box fusion-builder-row-1 fusion-flex-container fusion-parallax-none nonhundred-percent-fullwidth hundred-percent-height hundred-percent-height-center-content non-hundred-percent-height-scrolling lazyload\" style=\"--awb-background-position:center bottom;--awb-border-radius-top-left:0px;--awb-border-radius-top-right:0px;--awb-border-radius-bottom-right:0px;--awb-border-radius-bottom-left:0px;--awb-padding-top:200px;--awb-padding-bottom:200px;--awb-padding-top-medium:95px;--awb-padding-bottom-medium:116px;--awb-padding-top-small:150px;--awb-padding-bottom-small:150px;--awb-background-image:linear-gradient(180deg, rgba(0,0,0,0.39) 57%,rgba(0,0,0,0.56) 92%);;--awb-background-size:cover;--awb-flex-wrap:wrap;\" data-bg=\"https:\/\/www.jacobpianonerd.com\/wp-content\/uploads\/2022\/06\/piano-2021-08-29-14-38-37-utc-scaled.jpg\" data-bg-gradient=\"linear-gradient(180deg, rgba(0,0,0,0.39) 57%,rgba(0,0,0,0.56) 92%)\" ><div class=\"fusion-builder-row fusion-row fusion-flex-align-items-center fusion-flex-content-wrap\" style=\"max-width:1435.2px;margin-left: calc(-4% \/ 2 );margin-right: calc(-4% \/ 2 );\"><div class=\"fusion-layout-column fusion_builder_column fusion-builder-column-0 fusion_builder_column_1_1 1_1 fusion-flex-column\" style=\"--awb-padding-top:40px;--awb-padding-right:20px;--awb-padding-bottom:40px;--awb-padding-left:20px;--awb-bg-color:rgba(33,33,33,0.69);--awb-bg-color-hover:rgba(33,33,33,0.69);--awb-bg-size:cover;--awb-width-large:100%;--awb-margin-top-large:0px;--awb-spacing-right-large:1.92%;--awb-margin-bottom-large:20px;--awb-spacing-left-large:1.92%;--awb-width-medium:100%;--awb-order-medium:0;--awb-spacing-right-medium:1.92%;--awb-spacing-left-medium:1.92%;--awb-width-small:100%;--awb-order-small:0;--awb-spacing-right-small:1.92%;--awb-spacing-left-small:1.92%;\"><div class=\"fusion-column-wrapper fusion-column-has-shadow fusion-flex-justify-content-flex-start fusion-content-layout-column\"><div class=\"fusion-builder-row fusion-builder-row-inner fusion-row fusion-flex-align-items-center fusion-flex-content-wrap\" style=\"--awb-flex-grow:0;--awb-flex-grow-medium:0;--awb-flex-grow-small:0;--awb-flex-shrink:0;--awb-flex-shrink-medium:0;--awb-flex-shrink-small:0;width:104% !important;max-width:104% !important;margin-left: calc(-4% \/ 2 );margin-right: calc(-4% \/ 2 );\"><div class=\"fusion-layout-column fusion_builder_column_inner fusion-builder-nested-column-0 fusion_builder_column_inner_1_2 1_2 fusion-flex-column\" style=\"--awb-bg-size:cover;--awb-width-large:50%;--awb-margin-top-large:0px;--awb-spacing-right-large:3.84%;--awb-margin-bottom-large:20px;--awb-spacing-left-large:3.84%;--awb-width-medium:100%;--awb-order-medium:0;--awb-spacing-right-medium:1.92%;--awb-spacing-left-medium:1.92%;--awb-width-small:100%;--awb-order-small:0;--awb-spacing-right-small:1.92%;--awb-spacing-left-small:1.92%;\"><div class=\"fusion-column-wrapper fusion-column-has-shadow fusion-flex-justify-content-flex-start fusion-content-layout-column\"><div class=\"fusion-title title fusion-title-1 fusion-title-center fusion-title-text fusion-title-size-one\" style=\"--awb-text-color:#ffffff;--awb-margin-bottom:1px;--awb-margin-top-small:0px;--awb-margin-right-small:0px;--awb-margin-bottom-small:20px;--awb-margin-left-small:0px;--awb-font-size:40px;\"><div class=\"title-sep-container title-sep-container-left\"><div class=\"title-sep sep- sep-solid\" style=\"border-color:#e0dede;\"><\/div><\/div><span class=\"awb-title-spacer\"><\/span><h1 class=\"fusion-title-heading title-heading-center fusion-responsive-typography-calculated\" style=\"font-family:&#039;Palatino Linotype&#039;, &#039;Book Antiqua&#039;, Palatino, serif;font-style:normal;font-weight:400;margin:0;font-size:1em;--fontSize:40;line-height:1.25;\">DIE PENDELMETHODE<\/h1><span class=\"awb-title-spacer\"><\/span><div class=\"title-sep-container title-sep-container-right\"><div class=\"title-sep sep- sep-solid\" style=\"border-color:#e0dede;\"><\/div><\/div><\/div><div class=\"fusion-text fusion-text-1\" style=\"--awb-font-size:18px;--awb-line-height:1;--awb-text-color:#ffffff;\"><p style=\"text-align: center;\">F\u00fcr Euch alle, die Ihr gerne wissen wollt, wie man sich<br \/>\neine geschmeidige und starke Klaviertechnik aneignet<\/p>\n<\/div><div style=\"text-align:center;\"><a class=\"fusion-button button-flat fusion-button-default-size button-default fusion-button-default button-1 fusion-button-default-span fusion-button-default-type\" target=\"_self\" href=\"https:\/\/www.jacobpianonerd.com\/de\/pendulmetoden\/\"><span class=\"fusion-button-text awb-button__text awb-button__text--default\">DIE PENDELMETHODE<\/span><i class=\"fa-long-arrow-alt-right fas awb-button__icon awb-button__icon--default button-icon-right\" aria-hidden=\"true\"><\/i><\/a><\/div><\/div><\/div><div class=\"fusion-layout-column fusion_builder_column_inner fusion-builder-nested-column-1 fusion_builder_column_inner_1_2 1_2 fusion-flex-column\" style=\"--awb-bg-size:cover;--awb-width-large:50%;--awb-margin-top-large:0px;--awb-spacing-right-large:3.84%;--awb-margin-bottom-large:20px;--awb-spacing-left-large:3.84%;--awb-width-medium:100%;--awb-order-medium:0;--awb-spacing-right-medium:1.92%;--awb-spacing-left-medium:1.92%;--awb-width-small:100%;--awb-order-small:0;--awb-spacing-right-small:1.92%;--awb-spacing-left-small:1.92%;\"><div class=\"fusion-column-wrapper fusion-column-has-shadow fusion-flex-justify-content-flex-start fusion-content-layout-column\"><div class=\"fusion-title title fusion-title-2 fusion-title-center fusion-title-text fusion-title-size-one\" style=\"--awb-text-color:#ffffff;--awb-margin-bottom:1px;--awb-margin-top-small:0px;--awb-margin-right-small:0px;--awb-margin-bottom-small:20px;--awb-margin-left-small:0px;--awb-font-size:40px;\"><div class=\"title-sep-container title-sep-container-left\"><div class=\"title-sep sep- sep-solid\" style=\"border-color:#e0dede;\"><\/div><\/div><span class=\"awb-title-spacer\"><\/span><h1 class=\"fusion-title-heading title-heading-center fusion-responsive-typography-calculated\" style=\"font-family:&#039;Palatino Linotype&#039;, &#039;Book Antiqua&#039;, Palatino, serif;font-style:normal;font-weight:400;margin:0;font-size:1em;--fontSize:40;line-height:1.25;\">DIE ZICKZACKMETHODE<\/h1><span class=\"awb-title-spacer\"><\/span><div class=\"title-sep-container title-sep-container-right\"><div class=\"title-sep sep- sep-solid\" style=\"border-color:#e0dede;\"><\/div><\/div><\/div><div class=\"fusion-text fusion-text-2\" style=\"--awb-font-size:18px;--awb-line-height:1;--awb-text-color:#ffffff;\"><p style=\"text-align: center;\">Ein Vom-Blatt-Spiel-Kurs<\/p>\n<\/div><div style=\"text-align:center;\"><a class=\"fusion-button button-flat fusion-button-default-size button-default fusion-button-default button-2 fusion-button-default-span fusion-button-default-type\" target=\"_self\" href=\"https:\/\/www.jacobpianonerd.com\/de\/zigzagmetoden\/\"><span class=\"fusion-button-text awb-button__text awb-button__text--default\">Die Zickzackmethode<\/span><i class=\"fa-long-arrow-alt-right fas awb-button__icon awb-button__icon--default button-icon-right\" aria-hidden=\"true\"><\/i><\/a><\/div><\/div><\/div><\/div><div class=\"fusion-separator fusion-full-width-sep\" style=\"align-self: center;margin-left: auto;margin-right: auto;margin-bottom:40px;width:100%;\"><div class=\"fusion-separator-border sep-single sep-solid\" style=\"--awb-height:20px;--awb-amount:20px;--awb-sep-color:#ffffff;border-color:#ffffff;border-top-width:1px;\"><\/div><\/div><div class=\"fusion-text fusion-text-3\" style=\"--awb-font-size:18px;--awb-line-height:1;--awb-text-color:#ffffff;--awb-margin-left:31px;\"><p style=\"text-align: left;\">&nbsp; Professor Murray McLachlan \u00fcber DIE PENDELMETHODE:<\/p>\n<p style=\"font-weight: 400; text-align: center;\"><em><br \/>\nCongratulations<\/em> \u00ad\u2013<em> piano yoga indeed! Really interesting and helpfully innovative but sensible advice.<br \/>\n<\/em><em>Bravo<\/em><\/p>\n<\/div><div class=\"fusion-text fusion-text-4\" style=\"--awb-font-size:18px;--awb-line-height:1;--awb-text-color:#ffffff;\"><p style=\"text-align: center; font-size: 13px;\" data-fusion-font=\"true\">(Konzertpianist, Leiter der Klavierabteilung an der Chetham\u2019s School of Music, Vizepr\u00e4sident der EPTA und Autor der drei B\u00fccher \u00fcber das Klavierspiel: \u201eGrundlagen der Technik\u201c, \u201eKlaviertechnik in der Praxis\u201c und \u201eDie Psychologie der Klaviertechnik\u201c vertrieben und herausgegeben von Faber Music.)<\/p>\n<\/div><\/div><\/div><\/div><\/div>\n","protected":false},"excerpt":{"rendered":"","protected":false},"author":1,"featured_media":0,"parent":0,"menu_order":0,"comment_status":"closed","ping_status":"closed","template":"100-width.php","meta":{"footnotes":""},"class_list":["post-1014","page","type-page","status-publish","hentry"],"_links":{"self":[{"href":"https:\/\/www.jacobpianonerd.com\/de\/wp-json\/wp\/v2\/pages\/1014","targetHints":{"allow":["GET"]}}],"collection":[{"href":"https:\/\/www.jacobpianonerd.com\/de\/wp-json\/wp\/v2\/pages"}],"about":[{"href":"https:\/\/www.jacobpianonerd.com\/de\/wp-json\/wp\/v2\/types\/page"}],"author":[{"embeddable":true,"href":"https:\/\/www.jacobpianonerd.com\/de\/wp-json\/wp\/v2\/users\/1"}],"replies":[{"embeddable":true,"href":"https:\/\/www.jacobpianonerd.com\/de\/wp-json\/wp\/v2\/comments?post=1014"}],"version-history":[{"count":14,"href":"https:\/\/www.jacobpianonerd.com\/de\/wp-json\/wp\/v2\/pages\/1014\/revisions"}],"predecessor-version":[{"id":1305,"href":"https:\/\/www.jacobpianonerd.com\/de\/wp-json\/wp\/v2\/pages\/1014\/revisions\/1305"}],"wp:attachment":[{"href":"https:\/\/www.jacobpianonerd.com\/de\/wp-json\/wp\/v2\/media?parent=1014"}],"curies":[{"name":"wp","href":"https:\/\/api.w.org\/{rel}","templated":true}]}}