{"id":839,"date":"2022-06-01T07:17:49","date_gmt":"2022-06-01T07:17:49","guid":{"rendered":"http:\/\/www.jacobpianonerd.com\/?page_id=839"},"modified":"2023-06-29T15:09:35","modified_gmt":"2023-06-29T15:09:35","slug":"pendulmetoden","status":"publish","type":"page","link":"https:\/\/www.jacobpianonerd.com\/da\/pendulmetoden\/","title":{"rendered":"Pendulmetoden"},"content":{"rendered":"<div class=\"fusion-fullwidth fullwidth-box fusion-builder-row-1 fusion-flex-container nonhundred-percent-fullwidth non-hundred-percent-height-scrolling\" style=\"--awb-border-radius-top-left:0px;--awb-border-radius-top-right:0px;--awb-border-radius-bottom-right:0px;--awb-border-radius-bottom-left:0px;--awb-padding-bottom:50px;--awb-flex-wrap:wrap;\" ><div class=\"fusion-builder-row fusion-row fusion-flex-align-items-flex-start fusion-flex-content-wrap\" style=\"max-width:1435.2px;margin-left: calc(-4% \/ 2 );margin-right: calc(-4% \/ 2 );\"><div class=\"fusion-layout-column fusion_builder_column fusion-builder-column-0 fusion_builder_column_1_1 1_1 fusion-flex-column\" style=\"--awb-bg-size:cover;--awb-width-large:100%;--awb-margin-top-large:0px;--awb-spacing-right-large:1.92%;--awb-margin-bottom-large:20px;--awb-spacing-left-large:1.92%;--awb-width-medium:100%;--awb-order-medium:0;--awb-spacing-right-medium:1.92%;--awb-spacing-left-medium:1.92%;--awb-width-small:100%;--awb-order-small:0;--awb-spacing-right-small:1.92%;--awb-spacing-left-small:1.92%;\"><div class=\"fusion-column-wrapper fusion-column-has-shadow fusion-flex-justify-content-flex-start fusion-content-layout-column\"><div class=\"fusion-title title fusion-title-1 fusion-title-center fusion-title-text fusion-title-size-one\" style=\"--awb-margin-bottom:1px;--awb-margin-top-small:0px;--awb-margin-right-small:0px;--awb-margin-bottom-small:20px;--awb-margin-left-small:0px;--awb-font-size:40px;\"><div class=\"title-sep-container title-sep-container-left\"><div class=\"title-sep sep- sep-solid\" style=\"border-color:#e0dede;\"><\/div><\/div><span class=\"awb-title-spacer\"><\/span><h1 class=\"fusion-title-heading title-heading-center fusion-responsive-typography-calculated\" style=\"margin:0;font-size:1em;--fontSize:40;line-height:1.25;\">Pendulmetoden<\/h1><span class=\"awb-title-spacer\"><\/span><div class=\"title-sep-container title-sep-container-right\"><div class=\"title-sep sep- sep-solid\" style=\"border-color:#e0dede;\"><\/div><\/div><\/div><div class=\"fusion-text fusion-text-1\" style=\"--awb-font-size:16px;\"><p style=\"text-align: center;\">Til alle jer, der gerne vil vide, hvordan man tilegner sig<br \/>\nen smidig og st\u00e6rk klaverteknik<i><br \/>\n<\/i><\/p>\n<\/div><div class=\"fusion-title title fusion-title-2 fusion-title-center fusion-title-text fusion-title-size-one\" style=\"--awb-margin-bottom:1px;--awb-margin-top-small:0px;--awb-margin-right-small:0px;--awb-margin-bottom-small:20px;--awb-margin-left-small:0px;--awb-font-size:25px;\"><div class=\"title-sep-container title-sep-container-left\"><div class=\"title-sep sep- sep-solid\" style=\"border-color:#e0dede;\"><\/div><\/div><span class=\"awb-title-spacer\"><\/span><h1 class=\"fusion-title-heading title-heading-center fusion-responsive-typography-calculated\" style=\"margin:0;font-size:1em;--fontSize:25;line-height:2;\">To udgaver<\/h1><span class=\"awb-title-spacer\"><\/span><div class=\"title-sep-container title-sep-container-right\"><div class=\"title-sep sep- sep-solid\" style=\"border-color:#e0dede;\"><\/div><\/div><\/div><div class=\"fusion-text fusion-text-2 fusion-text-no-margin\" style=\"--awb-margin-bottom:1px;\"><p style=\"text-align: center;\">Pendulmetodens \u00f8velser findes i to udgaver: en i farver og en i sort. Hvis man ikke er farveblind, anbefaler jeg versionen i farver af to enkle \u00e5rsager. Dels er den dekorativ og hum\u00f8rv\u00e6kkende, dels klarg\u00f8r farverne \u00f8velsernes forskellige elementer.<\/p>\n<\/div><div class=\"fusion-separator fusion-full-width-sep\" style=\"align-self: flex-end;margin-left:auto;margin-bottom:20px;width:100%;\"><\/div><div style=\"text-align:center;\"><a class=\"fusion-button button-flat fusion-button-default-size button-custom fusion-button-default button-1 fusion-button-default-span fusion-button-default-type\" style=\"--button_accent_color:#000000;--button_accent_hover_color:#000000;--button_border_hover_color:#000000;--button_border_width-top:1px;--button_border_width-right:1px;--button_border_width-bottom:1px;--button_border_width-left:1px;--button_gradient_top_color:rgba(255,255,255,0);--button_gradient_bottom_color:rgba(255,255,255,0);--button_gradient_top_color_hover:rgba(255,255,255,0);--button_gradient_bottom_color_hover:rgba(255,255,255,0);\" target=\"_self\" href=\"https:\/\/www.jacobpianonerd.com\/da\/pendulmetoden-oversigt-2-varer\/\"><span class=\"fusion-button-text awb-button__text awb-button__text--default\">Download<\/span><\/a><\/div><div class=\"fusion-separator fusion-full-width-sep\" style=\"align-self: flex-end;margin-left:auto;margin-bottom:20px;width:100%;\"><\/div><\/div><\/div><div class=\"fusion-layout-column fusion_builder_column fusion-builder-column-1 fusion_builder_column_1_2 1_2 fusion-flex-column\" style=\"--awb-bg-size:cover;--awb-width-large:50%;--awb-margin-top-large:0px;--awb-spacing-right-large:3.84%;--awb-margin-bottom-large:20px;--awb-spacing-left-large:3.84%;--awb-width-medium:100%;--awb-order-medium:0;--awb-spacing-right-medium:1.92%;--awb-spacing-left-medium:1.92%;--awb-width-small:100%;--awb-order-small:0;--awb-spacing-right-small:1.92%;--awb-spacing-left-small:1.92%;\"><div class=\"fusion-column-wrapper fusion-column-has-shadow fusion-flex-justify-content-flex-start fusion-content-layout-column\"><div class=\"fusion-title title fusion-title-3 fusion-title-text fusion-title-size-one\" style=\"--awb-margin-bottom:1px;--awb-margin-top-small:0px;--awb-margin-right-small:0px;--awb-margin-bottom-small:20px;--awb-margin-left-small:0px;--awb-font-size:25px;\"><div class=\"title-sep-container title-sep-container-left fusion-no-large-visibility fusion-no-medium-visibility fusion-no-small-visibility\"><div class=\"title-sep sep- sep-solid\" style=\"border-color:#e0dede;\"><\/div><\/div><span class=\"awb-title-spacer fusion-no-large-visibility fusion-no-medium-visibility fusion-no-small-visibility\"><\/span><h1 class=\"fusion-title-heading title-heading-left fusion-responsive-typography-calculated\" style=\"margin:0;font-size:1em;--fontSize:25;line-height:2;\">Hvad er Pendulmetoden?<\/h1><span class=\"awb-title-spacer\"><\/span><div class=\"title-sep-container title-sep-container-right\"><div class=\"title-sep sep- sep-solid\" style=\"border-color:#e0dede;\"><\/div><\/div><\/div><div class=\"fusion-text fusion-text-3\"><p style=\"font-weight: 400;\"><em>Pendulmetoden<\/em> er et \u00f8velsessystem, jeg har sammensat dels ved at tilpasse kendte \u00f8velsestyper dels ved selv at udt\u00e6nke andre. Jeg har givet systemet navn efter den gennemg\u00e5ende ide, at alle \u00f8velserne uden undtagelse udf\u00f8res i en vekslen mellem et str\u00e6k og en b\u00f8jning fra side til side ligesom et pendul, da denne stadige bev\u00e6gelse umuligg\u00f8r fiksering. Nogen vil m\u00e5ske frygte, at denne fremgangsm\u00e5de vil resultere i en urolig og gyngende teknik, \u2014 den resulterer tv\u00e6rtimod i en rolig, st\u00e6rk og smidig teknik, fjerner overfl\u00f8dige bev\u00e6gelser og modarbejder tilsyring.<\/p>\n<p style=\"font-weight: 400;\"><em>Pendulmetoden<\/em> rummer desuden nogle forberedende man\u00f8vrer, <em>aktive str\u00e6k- og b\u00f8jnings\u00f8velser,<\/em> som sk\u00e6rper foruds\u00e6tningerne for en intensiv udnyttelse af \u00f8velsernes muligheder ved tr\u00e6ning af det st\u00e6rkeste str\u00e6k og den st\u00e6rkeste b\u00f8jning, det kan lade sig g\u00f8re for h\u00e5nd- og fingermuskulaturen at pr\u00e6stere.<\/p>\n<p style=\"font-weight: 400;\">Tilegner man sig <em>Pendulmetoden,<\/em> tilegner man sig et klaverspil, der aldrig er slapt eller stift men derimod altid st\u00e6rkt og smidigt. I denne vekslen mellem str\u00e6k og b\u00f8jning og p\u00e5 vejen fra den ene bev\u00e6gelse til den anden aktiveres et betinget refleks af balance mellem sp\u00e6nding og afsp\u00e6nding, og her, mellem str\u00e6k og b\u00f8jning og mellem sp\u00e6nding og afsp\u00e6nding findes klaverteknikken.<\/p>\n<\/div><div class=\"fusion-image-element \" style=\"--awb-caption-title-font-family:var(--h2_typography-font-family);--awb-caption-title-font-weight:var(--h2_typography-font-weight);--awb-caption-title-font-style:var(--h2_typography-font-style);--awb-caption-title-size:var(--h2_typography-font-size);--awb-caption-title-transform:var(--h2_typography-text-transform);--awb-caption-title-line-height:var(--h2_typography-line-height);--awb-caption-title-letter-spacing:var(--h2_typography-letter-spacing);--awb-filter:saturate(0%);--awb-filter-transition:filter 0.3s ease;--awb-filter-hover:saturate(0%);\"><span class=\" fusion-imageframe imageframe-none imageframe-1 hover-type-none\"><img decoding=\"async\" width=\"1707\" height=\"2560\" title=\"5\" src=\"https:\/\/www.jacobpianonerd.com\/wp-content\/uploads\/2022\/06\/5-scaled.jpg\" data-orig-src=\"https:\/\/www.jacobpianonerd.com\/wp-content\/uploads\/2022\/06\/5-scaled.jpg\" alt class=\"lazyload img-responsive wp-image-807\" srcset=\"data:image\/svg+xml,%3Csvg%20xmlns%3D%27http%3A%2F%2Fwww.w3.org%2F2000%2Fsvg%27%20width%3D%271707%27%20height%3D%272560%27%20viewBox%3D%270%200%201707%202560%27%3E%3Crect%20width%3D%271707%27%20height%3D%272560%27%20fill-opacity%3D%220%22%2F%3E%3C%2Fsvg%3E\" data-srcset=\"https:\/\/www.jacobpianonerd.com\/wp-content\/uploads\/2022\/06\/5-200x300.jpg 200w, https:\/\/www.jacobpianonerd.com\/wp-content\/uploads\/2022\/06\/5-400x600.jpg 400w, https:\/\/www.jacobpianonerd.com\/wp-content\/uploads\/2022\/06\/5-600x900.jpg 600w, https:\/\/www.jacobpianonerd.com\/wp-content\/uploads\/2022\/06\/5-800x1200.jpg 800w, https:\/\/www.jacobpianonerd.com\/wp-content\/uploads\/2022\/06\/5-1200x1800.jpg 1200w, https:\/\/www.jacobpianonerd.com\/wp-content\/uploads\/2022\/06\/5-scaled.jpg 1707w\" data-sizes=\"auto\" data-orig-sizes=\"(max-width: 1024px) 100vw, (max-width: 640px) 100vw, 800px\" \/><\/span><\/div><\/div><\/div><div class=\"fusion-layout-column fusion_builder_column fusion-builder-column-2 fusion_builder_column_1_2 1_2 fusion-flex-column\" style=\"--awb-bg-size:cover;--awb-width-large:50%;--awb-margin-top-large:0px;--awb-spacing-right-large:3.84%;--awb-margin-bottom-large:20px;--awb-spacing-left-large:3.84%;--awb-width-medium:100%;--awb-order-medium:0;--awb-spacing-right-medium:1.92%;--awb-spacing-left-medium:1.92%;--awb-width-small:100%;--awb-order-small:0;--awb-spacing-right-small:1.92%;--awb-spacing-left-small:1.92%;\"><div class=\"fusion-column-wrapper fusion-column-has-shadow fusion-flex-justify-content-flex-start fusion-content-layout-column\"><div class=\"fusion-title title fusion-title-4 fusion-title-text fusion-title-size-one\" style=\"--awb-margin-bottom:1px;--awb-margin-top-small:0px;--awb-margin-right-small:0px;--awb-margin-bottom-small:20px;--awb-margin-left-small:0px;--awb-font-size:25px;\"><div class=\"title-sep-container title-sep-container-left fusion-no-large-visibility fusion-no-medium-visibility fusion-no-small-visibility\"><div class=\"title-sep sep- sep-solid\" style=\"border-color:#e0dede;\"><\/div><\/div><span class=\"awb-title-spacer fusion-no-large-visibility fusion-no-medium-visibility fusion-no-small-visibility\"><\/span><h1 class=\"fusion-title-heading title-heading-left fusion-responsive-typography-calculated\" style=\"margin:0;font-size:1em;--fontSize:25;line-height:2;\">Om Pendulmetodens tilblivelse<\/h1><span class=\"awb-title-spacer\"><\/span><div class=\"title-sep-container title-sep-container-right\"><div class=\"title-sep sep- sep-solid\" style=\"border-color:#e0dede;\"><\/div><\/div><\/div><div class=\"fusion-text fusion-text-4\"><p style=\"font-weight: 400;\">Nogle musikere har tilsyneladende den gave at kunne spille med selvf\u00f8lgelig velklang, autoritet og energi, som g\u00f8r, at vi som tilh\u00f8rere oplever et bagvedliggende: \u201dJa, s\u00e5dan skal det v\u00e6re.\u201d Og nogle musikere spiller med en kontakt med deres instrument, som f\u00e5r andre til at sp\u00f8rge: \u201dHvordan kan dette lade sig g\u00f8re, hvordan kan de spille med en s\u00e5dan beh\u00e6ndighed, hurtighed og kraft uden at stivne?\u201d Hvordan kunne Vladimir Horowitz spille med s\u00e5 enormt teknisk overskud og s\u00e5 radikale bev\u00e6gelser? Hvordan spiller man klaver, alts\u00e5 bruger fingre, h\u00e6nder og krop, s\u00e5 klaverspillet bliver smukt, kraftfuldt og nuanceret mellem legato, staccato, non legato, med passagespil, dobbeltgreb, oktaver og s\u00e5 videre?<\/p>\n<p style=\"font-weight: 400;\">N\u00e5r jeg har spurgt klaverl\u00e6rere, pianister eller medstuderende om, hvad klaverteknik er, har jeg af nogle f\u00e5et det r\u00e5d at \u00f8ve skalaer, tre- og firklange, oktaver og tertser fra forskellige samlinger, i s\u00e6rdeleshed af Brahms, Cortot eller Hanon, eller bare at spille frit fra leveren og samtidig t\u00e6nke s\u00e5 lidt som muligt p\u00e5 teknik. Andre (de fleste) har ikke brudt sig om at tale om klaverteknik, \u2014 muligvis fordi det ville kunne f\u00f8les som at blotte en usikkerhed, det ville v\u00e6re ubehageligt for dem at erkende, og m\u00e5ske fordi f\u00e6rdigheder, de anvender ubevidst, kunne blive usikre, hvis der blev sat sp\u00f8rgsm\u00e5lstegn ved dem.<\/p>\n<p style=\"font-weight: 400;\">Dette har ofte forvirret mig, og jeg har st\u00e5et tilbage uden brugbare svar p\u00e5 mine sp\u00f8rgsm\u00e5l og har m\u00e5ttet gruble videre. Det har f\u00f8rt til, at jeg selv har fundet l\u00f8sninger p\u00e5 tekniske vanskeligheder i mit klaverspil.<\/p>\n<p style=\"font-weight: 400;\">Allerede da jeg var barn og ung, var det en afg\u00f8rende inspiration for mig at kende organisten (og pianisten) Flemming Dreisig. Han er en virtuos og velrenommeret organist, der blandt andet har v\u00e6ret domorganist i K\u00f8benhavn og orgelprofessor ved Det Kgl. Danske Musikkonservatorium. Som barn havde han, i en afg\u00f8rende periode, haft den navnkundige pianist, professor og l\u00e6ge Victor Schi\u00f8ler som klaverl\u00e6rer. Af Victor Schi\u00f8ler var Flemming Dreisig blevet grundigt instrueret i et skalakursus, der blev et st\u00e6rkt fundament for hans store tekniske form\u00e5en som pianist og organist. M\u00f8det med Flemming Dreisig overbeviste mig om, at det er muligt at udvikle klaverteknik ved indsigt og \u00f8velser.<\/p>\n<p style=\"font-weight: 400;\">Med denne \u00f8velsessamling er det min hensigt at g\u00f8re de l\u00f8sninger, jeg har fundet p\u00e5 tekniske vanskeligheder i mit klaverspil, tilg\u00e6ngelige for enhver, der kan bruge dem som en hj\u00e6lp til at blive en glad pianist (organist eller cembalist?), med et tilstr\u00e6kkeligt grundlag for at l\u00f8se de tekniske udfordringer, enhver pianist vil m\u00f8de i sin udvikling.<\/p>\n<\/div><\/div><\/div><\/div><\/div>\n","protected":false},"excerpt":{"rendered":"","protected":false},"author":1,"featured_media":0,"parent":0,"menu_order":0,"comment_status":"closed","ping_status":"closed","template":"100-width.php","meta":{"footnotes":""},"class_list":["post-839","page","type-page","status-publish","hentry"],"_links":{"self":[{"href":"https:\/\/www.jacobpianonerd.com\/da\/wp-json\/wp\/v2\/pages\/839","targetHints":{"allow":["GET"]}}],"collection":[{"href":"https:\/\/www.jacobpianonerd.com\/da\/wp-json\/wp\/v2\/pages"}],"about":[{"href":"https:\/\/www.jacobpianonerd.com\/da\/wp-json\/wp\/v2\/types\/page"}],"author":[{"embeddable":true,"href":"https:\/\/www.jacobpianonerd.com\/da\/wp-json\/wp\/v2\/users\/1"}],"replies":[{"embeddable":true,"href":"https:\/\/www.jacobpianonerd.com\/da\/wp-json\/wp\/v2\/comments?post=839"}],"version-history":[{"count":22,"href":"https:\/\/www.jacobpianonerd.com\/da\/wp-json\/wp\/v2\/pages\/839\/revisions"}],"predecessor-version":[{"id":1309,"href":"https:\/\/www.jacobpianonerd.com\/da\/wp-json\/wp\/v2\/pages\/839\/revisions\/1309"}],"wp:attachment":[{"href":"https:\/\/www.jacobpianonerd.com\/da\/wp-json\/wp\/v2\/media?parent=839"}],"curies":[{"name":"wp","href":"https:\/\/api.w.org\/{rel}","templated":true}]}}