{"id":1182,"date":"2023-06-16T06:48:53","date_gmt":"2023-06-16T06:48:53","guid":{"rendered":"https:\/\/www.jacobpianonerd.com\/?page_id=1182"},"modified":"2023-06-16T06:48:53","modified_gmt":"2023-06-16T06:48:53","slug":"om","status":"publish","type":"page","link":"https:\/\/www.jacobpianonerd.com\/da\/om\/","title":{"rendered":"Om"},"content":{"rendered":"<div class=\"fusion-fullwidth fullwidth-box fusion-builder-row-1 fusion-flex-container nonhundred-percent-fullwidth non-hundred-percent-height-scrolling\" style=\"--awb-background-blend-mode:hard-light;--awb-border-radius-top-left:0px;--awb-border-radius-top-right:0px;--awb-border-radius-bottom-right:0px;--awb-border-radius-bottom-left:0px;--awb-padding-top:48px;--awb-padding-bottom:69px;--awb-padding-top-medium:39px;--awb-padding-top-small:33px;--awb-flex-wrap:wrap;--awb-filter:saturate(99%);--awb-filter-transition:filter 0.3s ease;--awb-filter-hover:saturate(100%);\" ><div class=\"fusion-builder-row fusion-row fusion-flex-align-items-center fusion-flex-content-wrap\" style=\"max-width:1435.2px;margin-left: calc(-4% \/ 2 );margin-right: calc(-4% \/ 2 );\"><div class=\"fusion-layout-column fusion_builder_column fusion-builder-column-0 fusion_builder_column_1_2 1_2 fusion-flex-column\" style=\"--awb-bg-size:cover;--awb-filter:saturate(100%);--awb-filter-transition:filter 0.3s ease;--awb-filter-hover:saturate(0%);--awb-width-large:50%;--awb-margin-top-large:25px;--awb-spacing-right-large:3.84%;--awb-margin-bottom-large:0px;--awb-spacing-left-large:3.84%;--awb-width-medium:100%;--awb-order-medium:0;--awb-spacing-right-medium:1.92%;--awb-spacing-left-medium:1.92%;--awb-width-small:100%;--awb-order-small:0;--awb-spacing-right-small:1.92%;--awb-spacing-left-small:1.92%;\"><div class=\"fusion-column-wrapper fusion-column-has-shadow fusion-flex-justify-content-flex-start fusion-content-layout-column\"><div class=\"fusion-image-element \" style=\"--awb-caption-title-font-family:var(--h2_typography-font-family);--awb-caption-title-font-weight:var(--h2_typography-font-weight);--awb-caption-title-font-style:var(--h2_typography-font-style);--awb-caption-title-size:var(--h2_typography-font-size);--awb-caption-title-transform:var(--h2_typography-text-transform);--awb-caption-title-line-height:var(--h2_typography-line-height);--awb-caption-title-letter-spacing:var(--h2_typography-letter-spacing);--awb-filter:saturate(0%);--awb-filter-transition:filter 0.3s ease;--awb-filter-hover:saturate(0%);\"><span class=\" fusion-imageframe imageframe-none imageframe-1 hover-type-none\"><img decoding=\"async\" width=\"2560\" height=\"2162\" title=\"0023-A7_05077\" src=\"https:\/\/www.jacobpianonerd.com\/wp-content\/uploads\/2022\/06\/0023-A7_05077-scaled.jpg\" data-orig-src=\"https:\/\/www.jacobpianonerd.com\/wp-content\/uploads\/2022\/06\/0023-A7_05077-scaled.jpg\" alt class=\"lazyload img-responsive wp-image-806\" srcset=\"data:image\/svg+xml,%3Csvg%20xmlns%3D%27http%3A%2F%2Fwww.w3.org%2F2000%2Fsvg%27%20width%3D%272560%27%20height%3D%272162%27%20viewBox%3D%270%200%202560%202162%27%3E%3Crect%20width%3D%272560%27%20height%3D%272162%27%20fill-opacity%3D%220%22%2F%3E%3C%2Fsvg%3E\" data-srcset=\"https:\/\/www.jacobpianonerd.com\/wp-content\/uploads\/2022\/06\/0023-A7_05077-200x169.jpg 200w, https:\/\/www.jacobpianonerd.com\/wp-content\/uploads\/2022\/06\/0023-A7_05077-400x338.jpg 400w, https:\/\/www.jacobpianonerd.com\/wp-content\/uploads\/2022\/06\/0023-A7_05077-600x507.jpg 600w, https:\/\/www.jacobpianonerd.com\/wp-content\/uploads\/2022\/06\/0023-A7_05077-800x676.jpg 800w, https:\/\/www.jacobpianonerd.com\/wp-content\/uploads\/2022\/06\/0023-A7_05077-1200x1013.jpg 1200w, https:\/\/www.jacobpianonerd.com\/wp-content\/uploads\/2022\/06\/0023-A7_05077-scaled.jpg 2560w\" data-sizes=\"auto\" data-orig-sizes=\"(max-width: 1024px) 100vw, (max-width: 640px) 100vw, 800px\" \/><\/span><\/div><\/div><\/div><div class=\"fusion-layout-column fusion_builder_column fusion-builder-column-1 fusion_builder_column_1_2 1_2 fusion-flex-column fusion-flex-align-self-center\" style=\"--awb-bg-size:cover;--awb-width-large:50%;--awb-margin-top-large:25px;--awb-spacing-right-large:3.84%;--awb-margin-bottom-large:0px;--awb-spacing-left-large:3.84%;--awb-width-medium:100%;--awb-order-medium:0;--awb-spacing-right-medium:1.92%;--awb-spacing-left-medium:1.92%;--awb-width-small:100%;--awb-order-small:0;--awb-spacing-right-small:1.92%;--awb-spacing-left-small:1.92%;\"><div class=\"fusion-column-wrapper fusion-column-has-shadow fusion-flex-justify-content-flex-start fusion-content-layout-column\"><div class=\"fusion-text fusion-text-1\" style=\"--awb-font-size:16px;--awb-text-font-family:&quot;Open Sans&quot;;--awb-text-font-style:normal;--awb-text-font-weight:300;\"><p style=\"font-weight: 400; text-align: left;\">Jeg er uddannet pianist ved Det Kgl. Danske Musikkonservatorium i K\u00f8benhavn og ved Hochschule f\u00fcr Musik W\u00fcrzburg, Tyskland og afsluttede min uddannelse i 1985.<\/p>\n<p style=\"font-weight: 400; text-align: left;\">Siden da har jeg undervist i klaver p\u00e5 Hobro og Randers Musikskoler samt p\u00e5 Aalborg Universitet og Vestervig Kirkemusikskole.<\/p>\n<p style=\"font-weight: 400; text-align: left;\">Sidel\u00f8bende med mit arbejde som klaverl\u00e6rer har jeg l\u00e6rt at spille orgel og har haft en lang l\u00f8bebane som organist i den danske folkekirke.<\/p>\n<p style=\"font-weight: 400; text-align: left;\">Siden min ungdom har jeg v\u00e6ret optaget af at l\u00f8se forskellige musiker-h\u00e5ndv\u00e6rksm\u00e6ssige problemer, blandt andre klaverteknik og primavista.<\/p>\n<p style=\"font-weight: 400; text-align: left;\">Det har f\u00e5et mig til at samle og udvikle et materiale om klaverteknik, som jeg kalder Pendulmetoden, og et materiale om nodel\u00e6sning, som jeg kalder Zigzagmetoden.<\/p>\n<\/div><\/div><\/div><\/div><\/div>\n","protected":false},"excerpt":{"rendered":"","protected":false},"author":1,"featured_media":0,"parent":0,"menu_order":0,"comment_status":"closed","ping_status":"closed","template":"100-width.php","meta":{"footnotes":""},"class_list":["post-1182","page","type-page","status-publish","hentry"],"_links":{"self":[{"href":"https:\/\/www.jacobpianonerd.com\/da\/wp-json\/wp\/v2\/pages\/1182","targetHints":{"allow":["GET"]}}],"collection":[{"href":"https:\/\/www.jacobpianonerd.com\/da\/wp-json\/wp\/v2\/pages"}],"about":[{"href":"https:\/\/www.jacobpianonerd.com\/da\/wp-json\/wp\/v2\/types\/page"}],"author":[{"embeddable":true,"href":"https:\/\/www.jacobpianonerd.com\/da\/wp-json\/wp\/v2\/users\/1"}],"replies":[{"embeddable":true,"href":"https:\/\/www.jacobpianonerd.com\/da\/wp-json\/wp\/v2\/comments?post=1182"}],"version-history":[{"count":1,"href":"https:\/\/www.jacobpianonerd.com\/da\/wp-json\/wp\/v2\/pages\/1182\/revisions"}],"predecessor-version":[{"id":1183,"href":"https:\/\/www.jacobpianonerd.com\/da\/wp-json\/wp\/v2\/pages\/1182\/revisions\/1183"}],"wp:attachment":[{"href":"https:\/\/www.jacobpianonerd.com\/da\/wp-json\/wp\/v2\/media?parent=1182"}],"curies":[{"name":"wp","href":"https:\/\/api.w.org\/{rel}","templated":true}]}}